{"id":86,"date":"2016-04-14T17:37:41","date_gmt":"2016-04-14T17:37:41","guid":{"rendered":"http:\/\/curioso.digital\/?page_id=86"},"modified":"2016-04-14T17:37:41","modified_gmt":"2016-04-14T17:37:41","slug":"entre-em-contato-com-o-curioso-digital","status":"publish","type":"page","link":"https:\/\/curiosodigital.com.br\/?page_id=86","title":{"rendered":"Contato"},"content":{"rendered":"<p>Sauda\u00e7\u00f5es pessoal, entre em contato com o curioso.digital<\/p>\n<p>Envia suas d\u00favidas, sugest\u00f5es, opini\u00f5es e criticas.<\/p>\n<p>[contact-form][contact-field label=&#8217;Nome&#8217; type=&#8217;name&#8217; required=&#8217;1&#8217;\/][contact-field label=&#8217;Email&#8217; type=&#8217;email&#8217; required=&#8217;1&#8217;\/][contact-field label=&#8217;Coment\u00e1rio&#8217; type=&#8217;textarea&#8217; required=&#8217;1&#8217;\/][\/contact-form]<\/p>\n<p>Siga-me no Twitter: <a class=\"DashboardProfileCard-screennameLink u-linkComplex u-linkClean\" href=\"https:\/\/twitter.com\/curioso_dgtal\">@<span class=\"u-linkComplex-target\">curioso_dgtal<\/span><\/a><\/p>\n<p>Participe do nosso <a href=\"https:\/\/groups.google.com\/forum\/#%21forum\/curiosodigital\">grupo no Google<\/a><\/p>\n","protected":false},"excerpt":{"rendered":"<p>Sauda\u00e7\u00f5es pessoal, entre em contato com o curioso.digital Envia suas d\u00favidas, sugest\u00f5es, opini\u00f5es e criticas. [contact-form][contact-field label=&#8217;Nome&#8217; type=&#8217;name&#8217; required=&#8217;1&#8217;\/][contact-field label=&#8217;Email&#8217; type=&#8217;email&#8217; required=&#8217;1&#8217;\/][contact-field label=&#8217;Coment\u00e1rio&#8217; type=&#8217;textarea&#8217; required=&#8217;1&#8217;\/][\/contact-form] Siga-me no Twitter: @curioso_dgtal Participe do nosso grupo no Google<\/p>\n","protected":false},"author":2,"featured_media":0,"parent":0,"menu_order":0,"comment_status":"closed","ping_status":"closed","template":"","meta":[],"_links":{"self":[{"href":"https:\/\/curiosodigital.com.br\/index.php?rest_route=\/wp\/v2\/pages\/86"}],"collection":[{"href":"https:\/\/curiosodigital.com.br\/index.php?rest_route=\/wp\/v2\/pages"}],"about":[{"href":"https:\/\/curiosodigital.com.br\/index.php?rest_route=\/wp\/v2\/types\/page"}],"author":[{"embeddable":true,"href":"https:\/\/curiosodigital.com.br\/index.php?rest_route=\/wp\/v2\/users\/2"}],"replies":[{"embeddable":true,"href":"https:\/\/curiosodigital.com.br\/index.php?rest_route=%2Fwp%2Fv2%2Fcomments&post=86"}],"version-history":[{"count":1,"href":"https:\/\/curiosodigital.com.br\/index.php?rest_route=\/wp\/v2\/pages\/86\/revisions"}],"predecessor-version":[{"id":692,"href":"https:\/\/curiosodigital.com.br\/index.php?rest_route=\/wp\/v2\/pages\/86\/revisions\/692"}],"wp:attachment":[{"href":"https:\/\/curiosodigital.com.br\/index.php?rest_route=%2Fwp%2Fv2%2Fmedia&parent=86"}],"curies":[{"name":"wp","href":"https:\/\/api.w.org\/{rel}","templated":true}]}}